{"id":242,"date":"2018-12-04T06:53:24","date_gmt":"2018-12-04T04:53:24","guid":{"rendered":"https:\/\/demo.budflare.com\/stylish\/?post_type=product&#038;p=242"},"modified":"2024-08-19T04:42:57","modified_gmt":"2024-08-19T02:42:57","slug":"arctic-cloud","status":"publish","type":"product","link":"https:\/\/solulight.fi\/en\/product\/arctic-cloud\/","title":{"rendered":"Arctic Cloud &#8211; Kattovalaisin"},"content":{"rendered":"<div class=\"page\" title=\"Page 1\">\n<div class=\"section\">\n<div class=\"layoutArea\">\n<div class=\"column\">\n<p><strong>Arctic Cloud<\/strong> &#8211; Kattovalaisin toimii teholtaan hyva\u0308na\u0308 yleisvalaisimena eteisissa\u0308, auloissa, ka\u0308yta\u0308vissa\u0308 ja IP44 luokiteltuna se sopii myo\u0308s kylpyhuoneisiin. Sisa\u0308lta\u0308a\u0308 virtala\u0308hteen.<\/p>\n<p><span style=\"font-weight: 400;\">Google Home yhteensopiva. Kytkett\u00e4viss\u00e4 p\u00e4\u00e4lle ja pois puhelimella. Amazon Alexa- tai Google Home -j\u00e4rjestelmien kautta voit hallita valaisinta \u00e4\u00e4nell\u00e4si.<\/span><\/p>\n<p>Ajastettu k\u00e4ytt\u00f6 mahdollista s\u00e4\u00e4t\u00e4\u00e4 erikseen jokaiselle viikonp\u00e4iv\u00e4lle.<\/p>\n<p>Valon la\u0308hde: Led (12V\/11W)<br \/>\nValon ma\u0308a\u0308ra\u0308: 1000 Lumenia<br \/>\nValon sa\u0308vy: La\u0308mmin valkoinen (3000 K)<br \/>\nKosteusluokitus: IP44<br \/>\nMateriaalit: Lasi, ruostumaton tera\u0308s<br \/>\nKoko: 300 x 300 x 40mm<\/p>\n<\/div>\n<\/div>\n<\/div>\n<\/div>","protected":false},"excerpt":{"rendered":"<div class=\"page\" title=\"Page 1\">\n<div class=\"section\">\n<div class=\"layoutArea\">\n<div class=\"column\">\n<p>Arctic Cloud on kotimainen kattovalaisin, jonka pinta va\u0308lkehtii upeasti uudentyyppisen ledilevyn ja kristallimaisten lasisirujen ansiosta. Google Home &#8211; yhteensopiva.<\/p>\n<\/div>\n<\/div>\n<\/div>\n<\/div>","protected":false},"featured_media":453,"comment_status":"open","ping_status":"closed","template":"","meta":{"ocean_post_layout":"","ocean_both_sidebars_style":"","ocean_both_sidebars_content_width":0,"ocean_both_sidebars_sidebars_width":0,"ocean_sidebar":"0","ocean_second_sidebar":"0","ocean_disable_margins":"enable","ocean_add_body_class":"","ocean_shortcode_before_top_bar":"","ocean_shortcode_after_top_bar":"","ocean_shortcode_before_header":"","ocean_shortcode_after_header":"","ocean_has_shortcode":"","ocean_shortcode_after_title":"","ocean_shortcode_before_footer_widgets":"","ocean_shortcode_after_footer_widgets":"","ocean_shortcode_before_footer_bottom":"","ocean_shortcode_after_footer_bottom":"","ocean_display_top_bar":"default","ocean_display_header":"default","ocean_header_style":"","ocean_center_header_left_menu":"0","ocean_custom_header_template":"0","ocean_custom_logo":0,"ocean_custom_retina_logo":0,"ocean_custom_logo_max_width":0,"ocean_custom_logo_tablet_max_width":0,"ocean_custom_logo_mobile_max_width":0,"ocean_custom_logo_max_height":0,"ocean_custom_logo_tablet_max_height":0,"ocean_custom_logo_mobile_max_height":0,"ocean_header_custom_menu":"0","ocean_menu_typo_font_family":"0","ocean_menu_typo_font_subset":"","ocean_menu_typo_font_size":0,"ocean_menu_typo_font_size_tablet":0,"ocean_menu_typo_font_size_mobile":0,"ocean_menu_typo_font_size_unit":"px","ocean_menu_typo_font_weight":"","ocean_menu_typo_font_weight_tablet":"","ocean_menu_typo_font_weight_mobile":"","ocean_menu_typo_transform":"","ocean_menu_typo_transform_tablet":"","ocean_menu_typo_transform_mobile":"","ocean_menu_typo_line_height":0,"ocean_menu_typo_line_height_tablet":0,"ocean_menu_typo_line_height_mobile":0,"ocean_menu_typo_line_height_unit":"","ocean_menu_typo_spacing":0,"ocean_menu_typo_spacing_tablet":0,"ocean_menu_typo_spacing_mobile":0,"ocean_menu_typo_spacing_unit":"","ocean_menu_link_color":"","ocean_menu_link_color_hover":"","ocean_menu_link_color_active":"","ocean_menu_link_background":"","ocean_menu_link_hover_background":"","ocean_menu_link_active_background":"","ocean_menu_social_links_bg":"","ocean_menu_social_hover_links_bg":"","ocean_menu_social_links_color":"","ocean_menu_social_hover_links_color":"","ocean_disable_title":"on","ocean_disable_heading":"default","ocean_post_title":"","ocean_post_subheading":"","ocean_post_title_style":"","ocean_post_title_background_color":"","ocean_post_title_background":0,"ocean_post_title_bg_image_position":"","ocean_post_title_bg_image_attachment":"","ocean_post_title_bg_image_repeat":"","ocean_post_title_bg_image_size":"","ocean_post_title_height":0,"ocean_post_title_bg_overlay":0.5,"ocean_post_title_bg_overlay_color":"","ocean_disable_breadcrumbs":"default","ocean_breadcrumbs_color":"","ocean_breadcrumbs_separator_color":"","ocean_breadcrumbs_links_color":"","ocean_breadcrumbs_links_hover_color":"","ocean_display_footer_widgets":"default","ocean_display_footer_bottom":"default","ocean_custom_footer_template":"0"},"product_cat":[38],"product_tag":[],"class_list":{"0":"post-242","1":"product","2":"type-product","3":"status-publish","4":"has-post-thumbnail","5":"hentry","6":"product_cat-ceiling","8":"entry","9":"has-media","10":"owp-thumbs-layout-horizontal","11":"owp-btn-normal","12":"owp-tabs-layout-horizontal","13":"has-product-nav"},"_links":{"self":[{"href":"https:\/\/solulight.fi\/en\/wp-json\/wp\/v2\/product\/242","targetHints":{"allow":["GET"]}}],"collection":[{"href":"https:\/\/solulight.fi\/en\/wp-json\/wp\/v2\/product"}],"about":[{"href":"https:\/\/solulight.fi\/en\/wp-json\/wp\/v2\/types\/product"}],"replies":[{"embeddable":true,"href":"https:\/\/solulight.fi\/en\/wp-json\/wp\/v2\/comments?post=242"}],"wp:featuredmedia":[{"embeddable":true,"href":"https:\/\/solulight.fi\/en\/wp-json\/wp\/v2\/media\/453"}],"wp:attachment":[{"href":"https:\/\/solulight.fi\/en\/wp-json\/wp\/v2\/media?parent=242"}],"wp:term":[{"taxonomy":"product_cat","embeddable":true,"href":"https:\/\/solulight.fi\/en\/wp-json\/wp\/v2\/product_cat?post=242"},{"taxonomy":"product_tag","embeddable":true,"href":"https:\/\/solulight.fi\/en\/wp-json\/wp\/v2\/product_tag?post=242"}],"curies":[{"name":"wp","href":"https:\/\/api.w.org\/{rel}","templated":true}]}}