{"id":238,"date":"2018-12-04T06:47:52","date_gmt":"2018-12-04T04:47:52","guid":{"rendered":"https:\/\/demo.budflare.com\/stylish\/?post_type=product&#038;p=238"},"modified":"2024-07-02T20:13:14","modified_gmt":"2024-07-02T18:13:14","slug":"morbi-at-leo-velit-2","status":"publish","type":"product","link":"https:\/\/solulight.fi\/en\/product\/morbi-at-leo-velit-2\/","title":{"rendered":"Arctic Panel &#8211; sein\u00e4valaisin"},"content":{"rendered":"<div class=\"page\" title=\"Page 1\">\n<div class=\"section\">\n<div class=\"layoutArea\">\n<div class=\"column\">\n<p><strong>Arctic Panel<\/strong> on Solulightin kehitt\u00e4m\u00e4 uniikki valopaneeli. Se on valmistetaan yli 800 asteen kuumuudessa, sulattamalla tuhansia pieni\u00e4 lasipaloja toisiinsa. Kuumuudessa py\u00f6ristyneet lasisirut siroavat valoa kuin t\u00e4hdet, tuhansien valokuitujen valossa.<\/p>\n<p>Materiaalit: Lasi, alumiini<\/p>\n<p>Koko: 500 x 500 x 20mm<\/p>\n<\/div>\n<p>Valmistettu sulattamalla tuhansia lasipaloja toisiinsa yli 800 asteessa.<\/p>\n<div class=\"column\">\n<p>Itse elementin sisa\u0308lla\u0308 ei ole lainkaan sa\u0308hko\u0308osia, joten Arctic panel- toimii hyvin myo\u0308s kosteissa ja kuumissa tiloissa kuten saunassa.<\/p>\n<p>Valon la\u0308hde: LED Valkoinen tai RGBW (700mA\/7W) Valon ma\u0308a\u0308ra\u0308: 400 Lumenia<br \/>\nValon sa\u0308vy: La\u0308mmin valkoinen (3000 K) Kosteusluikitus: IP44<\/p>\n<p>&nbsp;<\/p>\n<\/div>\n<\/div>\n<\/div>\n<\/div>","protected":false},"excerpt":{"rendered":"<p>Arctic valopaneelin kuumuudessa py\u00f6ristyneet lasisirut loistavat kuin j\u00e4\u00e4kristalit tuhansien lasikuitujen tuomassa valossa. Paneeli on kuin valoa tuova taideteos sein\u00e4ll\u00e4.<\/p>\n<p>&nbsp;<\/p>","protected":false},"featured_media":486,"comment_status":"open","ping_status":"closed","template":"","meta":{"ocean_post_layout":"","ocean_both_sidebars_style":"","ocean_both_sidebars_content_width":0,"ocean_both_sidebars_sidebars_width":0,"ocean_sidebar":"0","ocean_second_sidebar":"0","ocean_disable_margins":"enable","ocean_add_body_class":"","ocean_shortcode_before_top_bar":"","ocean_shortcode_after_top_bar":"","ocean_shortcode_before_header":"","ocean_shortcode_after_header":"","ocean_has_shortcode":"","ocean_shortcode_after_title":"","ocean_shortcode_before_footer_widgets":"","ocean_shortcode_after_footer_widgets":"","ocean_shortcode_before_footer_bottom":"","ocean_shortcode_after_footer_bottom":"","ocean_display_top_bar":"default","ocean_display_header":"default","ocean_header_style":"","ocean_center_header_left_menu":"0","ocean_custom_header_template":"0","ocean_custom_logo":0,"ocean_custom_retina_logo":0,"ocean_custom_logo_max_width":0,"ocean_custom_logo_tablet_max_width":0,"ocean_custom_logo_mobile_max_width":0,"ocean_custom_logo_max_height":0,"ocean_custom_logo_tablet_max_height":0,"ocean_custom_logo_mobile_max_height":0,"ocean_header_custom_menu":"0","ocean_menu_typo_font_family":"0","ocean_menu_typo_font_subset":"","ocean_menu_typo_font_size":0,"ocean_menu_typo_font_size_tablet":0,"ocean_menu_typo_font_size_mobile":0,"ocean_menu_typo_font_size_unit":"px","ocean_menu_typo_font_weight":"","ocean_menu_typo_font_weight_tablet":"","ocean_menu_typo_font_weight_mobile":"","ocean_menu_typo_transform":"","ocean_menu_typo_transform_tablet":"","ocean_menu_typo_transform_mobile":"","ocean_menu_typo_line_height":0,"ocean_menu_typo_line_height_tablet":0,"ocean_menu_typo_line_height_mobile":0,"ocean_menu_typo_line_height_unit":"","ocean_menu_typo_spacing":0,"ocean_menu_typo_spacing_tablet":0,"ocean_menu_typo_spacing_mobile":0,"ocean_menu_typo_spacing_unit":"","ocean_menu_link_color":"","ocean_menu_link_color_hover":"","ocean_menu_link_color_active":"","ocean_menu_link_background":"","ocean_menu_link_hover_background":"","ocean_menu_link_active_background":"","ocean_menu_social_links_bg":"","ocean_menu_social_hover_links_bg":"","ocean_menu_social_links_color":"","ocean_menu_social_hover_links_color":"","ocean_disable_title":"default","ocean_disable_heading":"default","ocean_post_title":"","ocean_post_subheading":"","ocean_post_title_style":"","ocean_post_title_background_color":"","ocean_post_title_background":0,"ocean_post_title_bg_image_position":"","ocean_post_title_bg_image_attachment":"","ocean_post_title_bg_image_repeat":"","ocean_post_title_bg_image_size":"","ocean_post_title_height":0,"ocean_post_title_bg_overlay":0.5,"ocean_post_title_bg_overlay_color":"","ocean_disable_breadcrumbs":"default","ocean_breadcrumbs_color":"","ocean_breadcrumbs_separator_color":"","ocean_breadcrumbs_links_color":"","ocean_breadcrumbs_links_hover_color":"","ocean_display_footer_widgets":"default","ocean_display_footer_bottom":"default","ocean_custom_footer_template":"0"},"product_cat":[39],"product_tag":[],"class_list":{"0":"post-238","1":"product","2":"type-product","3":"status-publish","4":"has-post-thumbnail","5":"hentry","6":"product_cat-wall","8":"entry","9":"has-media","10":"owp-thumbs-layout-horizontal","11":"owp-btn-normal","12":"owp-tabs-layout-horizontal","13":"has-product-nav"},"_links":{"self":[{"href":"https:\/\/solulight.fi\/en\/wp-json\/wp\/v2\/product\/238","targetHints":{"allow":["GET"]}}],"collection":[{"href":"https:\/\/solulight.fi\/en\/wp-json\/wp\/v2\/product"}],"about":[{"href":"https:\/\/solulight.fi\/en\/wp-json\/wp\/v2\/types\/product"}],"replies":[{"embeddable":true,"href":"https:\/\/solulight.fi\/en\/wp-json\/wp\/v2\/comments?post=238"}],"wp:featuredmedia":[{"embeddable":true,"href":"https:\/\/solulight.fi\/en\/wp-json\/wp\/v2\/media\/486"}],"wp:attachment":[{"href":"https:\/\/solulight.fi\/en\/wp-json\/wp\/v2\/media?parent=238"}],"wp:term":[{"taxonomy":"product_cat","embeddable":true,"href":"https:\/\/solulight.fi\/en\/wp-json\/wp\/v2\/product_cat?post=238"},{"taxonomy":"product_tag","embeddable":true,"href":"https:\/\/solulight.fi\/en\/wp-json\/wp\/v2\/product_tag?post=238"}],"curies":[{"name":"wp","href":"https:\/\/api.w.org\/{rel}","templated":true}]}}